{"id":134,"date":"2021-03-12T09:51:41","date_gmt":"2021-03-12T09:51:41","guid":{"rendered":"http:\/\/projectemauthausen.amical-mauthausen.org\/testimonis\/"},"modified":"2023-06-28T11:23:03","modified_gmt":"2023-06-28T11:23:03","slug":"testimonios","status":"publish","type":"page","link":"https:\/\/projectemauthausen.amical-mauthausen.org\/es\/testimonios\/","title":{"rendered":"Testimonios y Biograf\u00edas"},"content":{"rendered":"<p>Mauthausen fue el campo nazi donde fueron deportados m\u00e1s republicanos espa\u00f1oles: 7.533 identificados actualmente. De \u00e9stos, unos 5.000 hallaron la muerte durante su deportaci\u00f3n, la mayor parte en el campo de Gusen, situado a 5 km del campo central; 457 fueron gaseados en el castillo de Hartheim; otros 339 fallecieron en el campo central; en Styer, 58; y el resto en diferentes comandos externos.<br \/>\nEl colectivo de los republicanos espa\u00f1oles fue identificado en Mauthausen con el tri\u00e1ngulo azul que les clasificaba como ap\u00e1tridas sin que ning\u00fan Estado les reclamase como propios. La Gestapo los localiz\u00f3 en los stalags y se dispuso su deportaci\u00f3n a Mauthausen en unos convoyes organizados exclusivamente para ellos.<\/p>\n","protected":false},"excerpt":{"rendered":"<p>Mauthausen fue el campo nazi donde fueron deportados m\u00e1s republicanos espa\u00f1oles: 7.533 identificados actualmente. De \u00e9stos, unos 5.000 hallaron la muerte durante su deportaci\u00f3n, la mayor parte en el campo de Gusen, situado a 5 km del campo central; 457 fueron gaseados en el castillo de Hartheim; otros 339 fallecieron en el campo central; en [&hellip;]<\/p>\n","protected":false},"author":1,"featured_media":0,"parent":0,"menu_order":0,"comment_status":"closed","ping_status":"closed","template":"page-testimonios.php","meta":{"_acf_changed":false,"footnotes":""},"class_list":["post-134","page","type-page","status-publish","hentry"],"acf":[],"_links":{"self":[{"href":"https:\/\/projectemauthausen.amical-mauthausen.org\/es\/wp-json\/wp\/v2\/pages\/134","targetHints":{"allow":["GET"]}}],"collection":[{"href":"https:\/\/projectemauthausen.amical-mauthausen.org\/es\/wp-json\/wp\/v2\/pages"}],"about":[{"href":"https:\/\/projectemauthausen.amical-mauthausen.org\/es\/wp-json\/wp\/v2\/types\/page"}],"author":[{"embeddable":true,"href":"https:\/\/projectemauthausen.amical-mauthausen.org\/es\/wp-json\/wp\/v2\/users\/1"}],"replies":[{"embeddable":true,"href":"https:\/\/projectemauthausen.amical-mauthausen.org\/es\/wp-json\/wp\/v2\/comments?post=134"}],"version-history":[{"count":11,"href":"https:\/\/projectemauthausen.amical-mauthausen.org\/es\/wp-json\/wp\/v2\/pages\/134\/revisions"}],"predecessor-version":[{"id":296,"href":"https:\/\/projectemauthausen.amical-mauthausen.org\/es\/wp-json\/wp\/v2\/pages\/134\/revisions\/296"}],"wp:attachment":[{"href":"https:\/\/projectemauthausen.amical-mauthausen.org\/es\/wp-json\/wp\/v2\/media?parent=134"}],"curies":[{"name":"wp","href":"https:\/\/api.w.org\/{rel}","templated":true}]}}